{"id":1721,"date":"2018-08-04T03:21:36","date_gmt":"2018-08-04T03:21:36","guid":{"rendered":"https:\/\/demo.ovatheme.com\/ireca\/?post_type=product&#038;p=1721"},"modified":"2023-12-17T18:55:09","modified_gmt":"2023-12-17T18:55:09","slug":"dacia-lodgy","status":"publish","type":"product","link":"https:\/\/tycscar.com\/en\/product\/dacia-lodgy\/","title":{"rendered":"Dacia Lodgy"},"content":{"rendered":"<div data-elementor-type=\"wp-post\" data-elementor-id=\"1721\" class=\"elementor elementor-1721\">\n\t\t\t\t\t\t<section class=\"elementor-section elementor-top-section elementor-element elementor-element-a3c1a6b elementor-section-boxed elementor-section-height-default elementor-section-height-default\" data-id=\"a3c1a6b\" data-element_type=\"section\" data-e-type=\"section\">\n\t\t\t\t\t\t<div class=\"elementor-container elementor-column-gap-default\">\n\t\t\t\t\t<div class=\"elementor-column elementor-col-100 elementor-top-column elementor-element elementor-element-59c1f861\" data-id=\"59c1f861\" data-element_type=\"column\" data-e-type=\"column\">\n\t\t\t<div class=\"elementor-widget-wrap elementor-element-populated\">\n\t\t\t\t\t\t<div class=\"elementor-element elementor-element-1fc9ca2f elementor-widget__width-initial elementor-widget elementor-widget-text-editor\" data-id=\"1fc9ca2f\" data-element_type=\"widget\" data-e-type=\"widget\" data-widget_type=\"text-editor.default\">\n\t\t\t\t<div class=\"elementor-widget-container\">\n\t\t\t\t\t\t\t\t\t<p>Have you always wanted to discover the best places in Martinique? It&#039;s now or never!<\/p><p>Notre site de location poss\u00e8de la voiture qu&#8217;il vous faut.<\/p><p>Que vous ayez besoin d&#8217;une voiture pour une occasion sp\u00e9ciale ou que vous souhaitiez simplement explorer les villes de la Martinique, la <strong>Dacia Lodgy 7 places<\/strong> est le choix id\u00e9al. Elle est spacieuse, \u00e9l\u00e9gante et fiable &#8211; toutes les caract\u00e9ristiques dont vous avez besoin pour une conduite confortable et agr\u00e9able en famille.<\/p><p>R\u00e9servez votre <strong>Dacia Lodgy 7 places<\/strong> aujourd&#8217;hui et commencez votre aventure !<\/p>\t\t\t\t\t\t\t\t<\/div>\n\t\t\t\t<\/div>\n\t\t\t\t\t<\/div>\n\t\t<\/div>\n\t\t\t\t\t<\/div>\n\t\t<\/section>\n\t\t\t\t<\/div>","protected":false},"excerpt":{"rendered":"<p>Have you always wanted to discover the best places in Martinique? It&#039;s now or never!<\/p>\n<p>Notre site de location poss\u00e8de la voiture qu&#8217;il vous faut.<\/p>\n<p>Que vous ayez besoin d&#8217;une voiture pour une occasion sp\u00e9ciale ou que vous souhaitiez simplement explorer les villes de la Martinique, la Dacia Lodgy 7 places est le choix id\u00e9al. Elle est spacieuse, \u00e9l\u00e9gante et fiable &#8211; toutes les caract\u00e9ristiques dont vous avez besoin pour une conduite confortable et agr\u00e9able en famille.<\/p>\n<p>R\u00e9servez votre Dacia Lodgy 7 places aujourd&#8217;hui et commencez votre aventure !<\/p>","protected":false},"featured_media":3715,"template":"","meta":{"nf_dc_page":""},"product_brand":[],"product_cat":[111],"product_tag":[114],"class_list":{"0":"post-1721","1":"product","2":"type-product","3":"status-publish","4":"has-post-thumbnail","6":"type-dacia-lodgy","7":"manufacturer-dacia-lodgy","8":"steering-left","9":"gearbox-manual","10":"product_cat-dacia-lodgy","11":"product_tag-dacia-lodgy","13":"first","14":"instock","15":"taxable","16":"shipping-taxable","17":"purchasable","18":"product-type-ovacrs_car_rental"},"_links":{"self":[{"href":"https:\/\/tycscar.com\/en\/wp-json\/wp\/v2\/product\/1721","targetHints":{"allow":["GET"]}}],"collection":[{"href":"https:\/\/tycscar.com\/en\/wp-json\/wp\/v2\/product"}],"about":[{"href":"https:\/\/tycscar.com\/en\/wp-json\/wp\/v2\/types\/product"}],"version-history":[{"count":5,"href":"https:\/\/tycscar.com\/en\/wp-json\/wp\/v2\/product\/1721\/revisions"}],"predecessor-version":[{"id":3708,"href":"https:\/\/tycscar.com\/en\/wp-json\/wp\/v2\/product\/1721\/revisions\/3708"}],"wp:featuredmedia":[{"embeddable":true,"href":"https:\/\/tycscar.com\/en\/wp-json\/wp\/v2\/media\/3715"}],"wp:attachment":[{"href":"https:\/\/tycscar.com\/en\/wp-json\/wp\/v2\/media?parent=1721"}],"wp:term":[{"taxonomy":"product_brand","embeddable":true,"href":"https:\/\/tycscar.com\/en\/wp-json\/wp\/v2\/product_brand?post=1721"},{"taxonomy":"product_cat","embeddable":true,"href":"https:\/\/tycscar.com\/en\/wp-json\/wp\/v2\/product_cat?post=1721"},{"taxonomy":"product_tag","embeddable":true,"href":"https:\/\/tycscar.com\/en\/wp-json\/wp\/v2\/product_tag?post=1721"}],"curies":[{"name":"wp","href":"https:\/\/api.w.org\/{rel}","templated":true}]}}